{"id":39952,"date":"2022-04-05T18:34:09","date_gmt":"2022-04-06T01:34:09","guid":{"rendered":"https:\/\/www.copperleaf.com\/informativa-sulla-privacy\/"},"modified":"2024-03-07T16:14:21","modified_gmt":"2024-03-08T00:14:21","slug":"informativa-sulla-privacy","status":"publish","type":"page","link":"https:\/\/www.copperleaf.com\/it\/informativa-sulla-privacy\/","title":{"rendered":"Informativa sulla privacy"},"content":{"rendered":"<p>Grazie per l&#8217;interesse dimostrato verso Copperleaf Technologies Inc. (&#8220;Copperleaf&#8221;). La presente Informativa sulla privacy (&#8220;Informativa&#8221;) descrive in che modo raccogliamo, utilizziamo e divulghiamo i vostri dati personali e come \u00e8 possibile consultarli e rettificarli quando necessario.<\/p>\r\n<p>Visitando\u00a0<a href=\"https:\/\/www.copperleaf.com\/\">www.copperleaf.com<\/a>\u00a0(\u201c<strong>Website<\/strong>\u201d), contattandoci o accettando di ricevere e-mail da Copperleaf\u00ae, accettate i termini e le condizioni contenuti nella presente Informativa. La presente Informativa non si estende a siti web gestiti da terzi. Copperleaf non \u00e8 pertanto responsabile delle loro politiche, procedure e pratiche in materia di privacy.<\/p>\r\n<h3><strong>1. Raccolta dei dati<\/strong><\/h3>\r\n<p>Per dati personali si intende qualsiasi informazione relativa a una persona fisica identificata o identificabile. Raccogliamo i vostri dati personali in vari modi, compreso quando inserite informazioni sul nostro Sito web, ci contattate telefonicamente o via e-mail, pubblicate contenuti sui nostri account dei social media, collaborate con fornitori di dati, ecc. A seconda delle circostanze, i dati personali possono includere il vostro nome, indirizzo e-mail, numero di telefono, Paese, regione\/provincia e il contenuto delle vostre comunicazioni verso di noi.\u00a0La navigazione sul nostro Sito web non richiede alcuna forma di registrazione; tuttavia, alcuni servizi possono richiedere che voi ci forniate dati personali. In queste situazioni, se scegliete di non fornire i dati personali da noi richiesti, potreste non poter accedere ad alcune parti del Sito web e noi potremmo non essere in grado di soddisfare la vostra richiesta.<\/p>\r\n<p>Possiamo utilizzare dati statistici relativi alle e-mail, che possono includere il monitoraggio delle risposte, dei messaggi aperti e di altre interazioni con le e-mail. Raccogliamo anche dati relativi alle vostre visite al nostro Sito web. Questi dati possono includere il vostro indirizzo IP, la data, l&#8217;ora e la durata della vostra visita, nonch\u00e9 le pagine web che avete consultato. Il nostro Sito web, come la maggior parte dei siti web commerciali, utilizza cookie. Per una descrizione dettagliata dei cookie utilizzati, consultate la\u00a0<a href=\"https:\/\/copperleaf.majortom.dev\/cookie-policy\/\">Politica sui cookie<\/a>.<\/p>\r\n<p>Le basi giuridiche per il trattamento dei dati personali da parte nostra sono principalmente la necessit\u00e0 di fornire il Sito web e la tutela dei nostri legittimi interessi, come spiegato nella sezione &#8220;Uso e comunicazione di dati&#8221;. Possiamo anche trattare alcuni dati personali dietro vostro consenso, chiedendovelo quando necessario.<\/p>\r\n<h3><strong style=\"background-color: initial;\">2. Uso e comunicazione di dati<\/strong><\/h3>\r\n<p>Adottiamo misure volte a garantire che abbiano accesso ai vostri dati personali solo i dipendenti che hanno bisogno di farlo per adempiere alle proprie mansioni lavorative. Utilizziamo e condividiamo i vostri dati personali principalmente:<\/p>\r\n<ul>\r\n<li>per gestire, mantenere, migliorare e fornire tutte le funzionalit\u00e0 del Sito web, per fornire i servizi e le informazioni da voi richiesti, per rispondere a commenti e domande e per fornire assistenza agli utenti del Sito;<\/li>\r\n<li>per comprendere e analizzare le tendenze e le preferenze di utilizzo dei nostri utenti, per migliorare il Sito web e per sviluppare nuovi prodotti, servizi, caratteristiche e funzionalit\u00e0;<\/li>\r\n<li>per inviare e registrare comunicazioni; oppure<\/li>\r\n<li>per qualsiasi altra finalit\u00e0 autorizzata o richiesta dalla legge.<\/li>\r\n<\/ul>\r\n<p>Quando divulghiamo i vostri dati personali a terzi, adottiamo misure ragionevoli volte ad assicurare che le regole stabilite nella presente Informativa siano rispettate e che questi terzi forniscano garanzie sufficienti per l&#8217;adozione di misure tecniche e organizzative adeguate.<\/p>\r\n<p>In caso di cambio di propriet\u00e0, vendita, fusione, liquidazione, riorganizzazione o acquisizione di Copperleaf, globale o parziale, i vostri dati personali potrebbero essere trasferiti come parte della transazione.<\/p>\r\n<p>Possiamo infine mettere a disposizione di terzi alcuni dati raccolti automaticamente, aggregati o altri dati che non permettano di identificarvi personalmente, per varie finalit\u00e0, tra cui (i) l&#8217;adempimento di vari obblighi di rendicontazione; (ii) per scopi commerciali o di marketing; o (iii) per aiutare tali parti a comprendere i vostri interessi, le vostre abitudini e le vostre modalit\u00e0 di utilizzo in relazione a determinati programmi, contenuti, servizi e\/o funzionalit\u00e0 disponibili attraverso il Sito web.<\/p>\r\n<h3><strong style=\"background-color: initial;\">3. Sicurezza<\/strong><\/h3>\r\n<p>Tutti i dati raccolti da Copperleaf sono conservati in strutture di hosting sicure. Durante la trasmissione dei vostri dati e dopo averli ricevuti, seguiamo gli standard di settore generalmente riconosciuti per proteggerli. Mettiamo in atto adeguate misure di salvaguardia per proteggere i dati personali dalla distruzione o dalla perdita accidentale o illecita, dall&#8217;alterazione, dalla divulgazione o dall&#8217;accesso non autorizzati e da qualsiasi altra forma illecita di trattamento. Ci\u00f2 include firewall, protezione tramite password e altri mezzi tecnici di sicurezza utilizzati per proteggere i dati.<\/p>\r\n<p>Nonostante Copperleaf si sforzi in ogni momento di proteggere la sicurezza e la privacy di qualsiasi dato da voi fornito via Internet, nessun metodo di trasmissione via Internet o metodo di archiviazione elettronica \u00e8 del tutto sicuro. Copperleaf non pu\u00f2 garantire che questi dati non vengano consultati o utilizzati impropriamente da terzi. Inviate questi dati via Internet a Copperleaf a vostro rischio e pericolo. Nel caso venissimo a conoscenza di una violazione dei sistemi di sicurezza che riguarda i vostri dati, vi informeremo dell&#8217;avvenuta violazione secondo quanto previsto dalla normativa applicabile.<\/p>\r\n<p><strong style=\"color: #053b57; font-size: 1.25rem; background-color: initial;\">4. Accesso, modifica e cancellazione dei dati<\/strong><\/p>\r\n<p>Dietro richiesta scritta e previa dimostrazione della vostra identit\u00e0, potete accedere ai dati personali in nostro possesso e chiedere che vengano apportate le rettifiche necessarie, se del caso, secondo quanto autorizzato o richiesto dalla legge. Tuttavia, per assicurarci che i dati personali che conserviamo su di voi siano accurati e aggiornati, vi invitiamo a comunicarci immediatamente qualsiasi variazione relativa ai vostri dati personali.<\/p>\r\n<p>Ai sensi del Regolamento generale sulla protezione dei dati (&#8220;GDPR&#8221;), potreste essere titolari di ulteriori diritti, tra cui: (i) il diritto di revocare il consenso al trattamento, laddove il consenso sia alla base del trattamento; (ii) il diritto di accedere ai vostri dati personali e ad altre informazioni supplementari, a determinate condizioni; (iii) il diritto di opporvi al trattamento illegale dei dati, a determinate condizioni; (iv) il diritto alla cancellazione dei dati personali che vi riguardano, a determinate condizioni; (v) il diritto di richiedere la limitazione del trattamento dei vostri dati personali, a determinate condizioni, se ritenete che abbiamo superato la base giuridica per il trattamento, che il trattamento non sia pi\u00f9 necessario o che i vostri dati personali siano inesatti; (vi) il diritto alla portabilit\u00e0 dei dati personali che vi riguardano e che voi ci avete fornito in un formato strutturato, di uso comune e leggibile da una macchina, a determinate condizioni; (vii) il diritto di opporvi alle decisioni prese con mezzi automatizzati che producono effetti legali su di voi o che vi riguardano in modo significativo, a determinate condizioni; (viii) il diritto di presentare un reclamo alle autorit\u00e0 preposte alla protezione dei dati. Se volete saperne di pi\u00f9 sui diritti di cui siete titolari ai sensi del GDPR, potete visitare la pagina della Commissione Europea sulla\u00a0<a href=\"https:\/\/commission.europa.eu\/law\/law-topic\/data-protection_it\">protezione dei dati<\/a>.<\/p>\r\n<h3><strong style=\"background-color: initial;\">5. Conservazione e trasferimento<\/strong><\/h3>\r\n<p>Conserveremo i vostri dati personali per il periodo necessario a soddisfare le finalit\u00e0 indicate nella presente Informativa, o come richiesto da leggi, regolamenti o provvedimenti amministrativi applicabili.<\/p>\r\n<p>I vostri dati personali potranno essere conservati e trattati in qualsiasi Paese in cui disponiamo di strutture o in cui ci avvaliamo di fornitori di servizi terzi. Utilizzando il Sito web, acconsentite al trasferimento di dati in Paesi al di fuori del vostro Paese di residenza, che potrebbero avere regole sulla protezione dei dati diverse da quelle del vostro Paese. Se tali dati si trovano al di fuori del Canada, sono soggetti alle leggi del Paese in cui sono conservati ed \u00e8 possibile che vengano condivisi con governi, tribunali, forze dell&#8217;ordine o enti regolatori, in base alle leggi di tale Paese. Le pratiche da noi osservate in merito ai vostri dati personali continueranno in ogni caso ad essere regolate dalla presente Informativa e, ove necessario, ci conformeremo ai requisiti del GDPR che prevedono un&#8217;adeguata protezione per il trasferimento di dati personali dall&#8217;UE\/SEE verso Paesi terzi.<\/p>\r\n<h3><strong style=\"background-color: initial;\">6. Modifiche all&#8217;Informativa<\/strong><\/h3>\r\n<p>Copperleaf si riserva il diritto di aggiornare l&#8217;Informativa se necessario. Vi invitiamo a visitare periodicamente questa pagina per rimanere aggiornati sulle eventuali modifiche apportate. Nell&#8217;Informativa sar\u00e0 sempre riportata la data dell&#8217;ultimo aggiornamento. Continuando a utilizzare il nostro Sito web o altri servizi dopo l&#8217;entrata in vigore della nuova Informativa riconoscete che avete letto, compreso e accettato la versione attuale dell&#8217;Informativa.<\/p>\r\n<h3><strong>\u00a07. <\/strong><strong style=\"background-color: initial;\">Privacy dei minori<\/strong><\/h3>\r\n<p>Il Sito web non \u00e8 rivolto a persone di et\u00e0 inferiore ai 16 anni e noi non raccogliamo intenzionalmente dati personali di persone di et\u00e0 inferiore ai 16 anni senza previo consenso dei genitori. Se avete meno di 16 anni, vi preghiamo di non utilizzare n\u00e9 di accedere al Sito web in nessun momento e in nessun modo. Qualora venissimo a conoscenza del fatto che tramite il sito Web sono stati raccolti dati personali di persone di et\u00e0 inferiore ai 16 anni e senza il consenso verificabile dei genitori, adotteremo le misure appropriate per cancellare tali dati. Se siete un genitore o un tutore e scoprite che vostro figlio o vostra figlia di et\u00e0 inferiore ai 16 anni ha fornito dati personali, potete comunicarcelo nei modi indicati nella sezione &#8220;Contatti&#8221; e richiedere la cancellazione dei dati personali del minore dai nostri sistemi.<\/p>\r\n<h3><strong style=\"background-color: initial;\">8. Informazioni generali<\/strong><\/h3>\r\n<p>Nel caso in cui qualsiasi parte della presente Informativa venga ritenuta non chiara, non valida, illecita o altrimenti annullabile o non applicabile, le altre parti della presente Informativa non verranno meno a causa di ci\u00f2 e il resto dell&#8217;Informativa continueranno ad avere pieno vigore ed effetto. L&#8217;Informativa costituisce l&#8217;intero accordo tra voi e Copperleaf che disciplina l&#8217;uso del Sito web. Potreste anche essere soggetti ad altri termini e condizioni quando accedete ad altri siti web. Il mancato o ritardato esercizio da parte di Copperleaf di qualsiasi diritto o rimedio previsto dall&#8217;Informativa non costituir\u00e0 una rinuncia a tale diritto o rimedio. I titoli delle sezioni di questa Informativa sono riportati solo come riferimento e non hanno alcun effetto legale o contrattuale.<\/p>\r\n<h3><strong style=\"background-color: initial;\">9. Condizioni di utilizzo<\/strong><\/h3>\r\n<p>Ad eccezione di quanto consentito dalla legge sul diritto d&#8217;autore applicabile, non potete riprodurre o comunicare alcun contenuto del Sito web, compresi i file scaricabili da questo sito, senza l&#8217;espressa autorizzazione scritta da parte di Copperleaf.<\/p>\r\n<h3><strong style=\"background-color: initial;\">10. Propriet\u00e0 intellettuale<\/strong><\/h3>\r\n<p>\u00a9 2000 \u2013 2024 Copperleaf Technologies Inc. COPPERLEAF, il logo COPPERLEAF, COPPERLEAF PORTFOLIO, COPPERLEAF ASSET e COPPERLEAF VALUE marchi di Copperleaf Technologies Inc. COPPERLEAF \u00e8 un marchio registrato in Canada, negli USA, in UE e in altri paesi. Il logo COPPERLEAF \u00e8 un marchio registrato in Canada, negli USA e in UE. Tutti i diritti riservati.<\/p>\r\n<h3><strong>\u00a011. <\/strong><strong style=\"background-color: initial;\">Contatti<\/strong><\/h3>\r\n<p>Potete annullare l&#8217;iscrizione alle nostre comunicazioni in qualsiasi momento,\u00a0<a href=\"https:\/\/go.copperleaf.com\/UnsubscribePage.html\">qui<\/a>.<\/p>\r\n<p>Per qualsiasi domanda o commento sulla presente Informativa o sui vostri dati personali, per effettuare una richiesta di accesso o di rettifica, per esercitare qualsiasi diritto applicabile, per presentare un reclamo o per ottenere informazioni sulle nostre politiche e pratiche in relazione a qualsiasi fornitore di servizi al di fuori del Canada, potete contattare il nostro Responsabile della privacy via posta o e-mail tramite le seguenti informazioni di contatto:<\/p>\r\n<p>Copperleaf Technologies Inc.<br \/>2920 Virtual Way, Suite 140,<br \/>Vancouver, BC V5M 0C4<br \/>Canada<br \/><br \/><a href=\"mailto:privacy@copperleaf.com\">privacy@copperleaf.com<\/a><\/p>\r\n<p><strong>Ultimo aggiornamento: Gennaio 2024<\/strong><\/p>\r\n<p>&nbsp;<\/p>\r\n<!-- \/wp:post-content -->","protected":false},"excerpt":{"rendered":"<p>Grazie per l&#8217;interesse dimostrato verso Copperleaf Technologies Inc. (&#8220;Copperleaf&#8221;). La presente Informativa sulla privacy (&#8220;Informativa&#8221;) descrive in che modo raccogliamo, utilizziamo e divulghiamo i vostri dati personali e come \u00e8 possibile consultarli e rettificarli quando necessario. Visitando\u00a0www.copperleaf.com\u00a0(\u201cWebsite\u201d), contattandoci o accettando di ricevere e-mail da Copperleaf\u00ae, accettate i termini e le condizioni contenuti nella presente Informativa. [&hellip;]<\/p>\n","protected":false},"author":3,"featured_media":0,"parent":0,"menu_order":19,"comment_status":"closed","ping_status":"closed","template":"","meta":{"_acf_changed":false,"content-type":"","_searchwp_excluded":"","footnotes":""},"folder":[306],"class_list":["post-39952","page","type-page","status-publish","hentry"],"acf":[],"yoast_head":"<!-- This site is optimized with the Yoast SEO Premium plugin v25.6 (Yoast SEO v26.7) - https:\/\/yoast.com\/wordpress\/plugins\/seo\/ -->\n<title>Informativa sulla privacy - Copperleaf<\/title>\n<meta name=\"robots\" content=\"index, follow, max-snippet:-1, max-image-preview:large, max-video-preview:-1\" \/>\n<link rel=\"canonical\" href=\"https:\/\/www.copperleaf.com\/it\/informativa-sulla-privacy\/\" \/>\n<meta property=\"og:locale\" content=\"it_IT\" \/>\n<meta property=\"og:type\" content=\"article\" \/>\n<meta property=\"og:title\" content=\"Informativa sulla privacy\" \/>\n<meta property=\"og:description\" content=\"Grazie per l&#8217;interesse dimostrato verso Copperleaf Technologies Inc. (&#8220;Copperleaf&#8221;). La presente Informativa sulla privacy (&#8220;Informativa&#8221;) descrive in che modo raccogliamo, utilizziamo e divulghiamo i vostri dati personali e come \u00e8 possibile consultarli e rettificarli quando necessario. Visitando\u00a0www.copperleaf.com\u00a0(\u201cWebsite\u201d), contattandoci o accettando di ricevere e-mail da Copperleaf\u00ae, accettate i termini e le condizioni contenuti nella presente Informativa. [&hellip;]\" \/>\n<meta property=\"og:url\" content=\"https:\/\/www.copperleaf.com\/it\/informativa-sulla-privacy\/\" \/>\n<meta property=\"og:site_name\" content=\"Copperleaf\" \/>\n<meta property=\"article:modified_time\" content=\"2024-03-08T00:14:21+00:00\" \/>\n<meta name=\"twitter:card\" content=\"summary_large_image\" \/>\n<meta name=\"twitter:label1\" content=\"Tempo di lettura stimato\" \/>\n\t<meta name=\"twitter:data1\" content=\"8 minuto\" \/>\n<script type=\"application\/ld+json\" class=\"yoast-schema-graph\">{\"@context\":\"https:\/\/schema.org\",\"@graph\":[{\"@type\":\"WebPage\",\"@id\":\"https:\/\/www.copperleaf.com\/it\/informativa-sulla-privacy\/\",\"url\":\"https:\/\/www.copperleaf.com\/it\/informativa-sulla-privacy\/\",\"name\":\"Informativa sulla privacy - Copperleaf\",\"isPartOf\":{\"@id\":\"https:\/\/www.copperleaf.com\/it\/#website\"},\"datePublished\":\"2022-04-06T01:34:09+00:00\",\"dateModified\":\"2024-03-08T00:14:21+00:00\",\"breadcrumb\":{\"@id\":\"https:\/\/www.copperleaf.com\/it\/informativa-sulla-privacy\/#breadcrumb\"},\"inLanguage\":\"it-IT\",\"potentialAction\":[{\"@type\":\"ReadAction\",\"target\":[\"https:\/\/www.copperleaf.com\/it\/informativa-sulla-privacy\/\"]}]},{\"@type\":\"BreadcrumbList\",\"@id\":\"https:\/\/www.copperleaf.com\/it\/informativa-sulla-privacy\/#breadcrumb\",\"itemListElement\":[{\"@type\":\"ListItem\",\"position\":1,\"name\":\"Home\",\"item\":\"https:\/\/www.copperleaf.com\/it\/\"},{\"@type\":\"ListItem\",\"position\":2,\"name\":\"Informativa sulla privacy\"}]},{\"@type\":\"WebSite\",\"@id\":\"https:\/\/www.copperleaf.com\/it\/#website\",\"url\":\"https:\/\/www.copperleaf.com\/it\/\",\"name\":\"Copperleaf\",\"description\":\"\",\"potentialAction\":[{\"@type\":\"SearchAction\",\"target\":{\"@type\":\"EntryPoint\",\"urlTemplate\":\"https:\/\/www.copperleaf.com\/it\/?s={search_term_string}\"},\"query-input\":{\"@type\":\"PropertyValueSpecification\",\"valueRequired\":true,\"valueName\":\"search_term_string\"}}],\"inLanguage\":\"it-IT\"}]}<\/script>\n<!-- \/ Yoast SEO Premium plugin. -->","yoast_head_json":{"title":"Informativa sulla privacy - Copperleaf","robots":{"index":"index","follow":"follow","max-snippet":"max-snippet:-1","max-image-preview":"max-image-preview:large","max-video-preview":"max-video-preview:-1"},"canonical":"https:\/\/www.copperleaf.com\/it\/informativa-sulla-privacy\/","og_locale":"it_IT","og_type":"article","og_title":"Informativa sulla privacy","og_description":"Grazie per l&#8217;interesse dimostrato verso Copperleaf Technologies Inc. (&#8220;Copperleaf&#8221;). La presente Informativa sulla privacy (&#8220;Informativa&#8221;) descrive in che modo raccogliamo, utilizziamo e divulghiamo i vostri dati personali e come \u00e8 possibile consultarli e rettificarli quando necessario. Visitando\u00a0www.copperleaf.com\u00a0(\u201cWebsite\u201d), contattandoci o accettando di ricevere e-mail da Copperleaf\u00ae, accettate i termini e le condizioni contenuti nella presente Informativa. [&hellip;]","og_url":"https:\/\/www.copperleaf.com\/it\/informativa-sulla-privacy\/","og_site_name":"Copperleaf","article_modified_time":"2024-03-08T00:14:21+00:00","twitter_card":"summary_large_image","twitter_misc":{"Tempo di lettura stimato":"8 minuto"},"schema":{"@context":"https:\/\/schema.org","@graph":[{"@type":"WebPage","@id":"https:\/\/www.copperleaf.com\/it\/informativa-sulla-privacy\/","url":"https:\/\/www.copperleaf.com\/it\/informativa-sulla-privacy\/","name":"Informativa sulla privacy - Copperleaf","isPartOf":{"@id":"https:\/\/www.copperleaf.com\/it\/#website"},"datePublished":"2022-04-06T01:34:09+00:00","dateModified":"2024-03-08T00:14:21+00:00","breadcrumb":{"@id":"https:\/\/www.copperleaf.com\/it\/informativa-sulla-privacy\/#breadcrumb"},"inLanguage":"it-IT","potentialAction":[{"@type":"ReadAction","target":["https:\/\/www.copperleaf.com\/it\/informativa-sulla-privacy\/"]}]},{"@type":"BreadcrumbList","@id":"https:\/\/www.copperleaf.com\/it\/informativa-sulla-privacy\/#breadcrumb","itemListElement":[{"@type":"ListItem","position":1,"name":"Home","item":"https:\/\/www.copperleaf.com\/it\/"},{"@type":"ListItem","position":2,"name":"Informativa sulla privacy"}]},{"@type":"WebSite","@id":"https:\/\/www.copperleaf.com\/it\/#website","url":"https:\/\/www.copperleaf.com\/it\/","name":"Copperleaf","description":"","potentialAction":[{"@type":"SearchAction","target":{"@type":"EntryPoint","urlTemplate":"https:\/\/www.copperleaf.com\/it\/?s={search_term_string}"},"query-input":{"@type":"PropertyValueSpecification","valueRequired":true,"valueName":"search_term_string"}}],"inLanguage":"it-IT"}]}},"_links":{"self":[{"href":"https:\/\/www.copperleaf.com\/it\/wp-json\/wp\/v2\/pages\/39952","targetHints":{"allow":["GET"]}}],"collection":[{"href":"https:\/\/www.copperleaf.com\/it\/wp-json\/wp\/v2\/pages"}],"about":[{"href":"https:\/\/www.copperleaf.com\/it\/wp-json\/wp\/v2\/types\/page"}],"author":[{"embeddable":true,"href":"https:\/\/www.copperleaf.com\/it\/wp-json\/wp\/v2\/users\/3"}],"replies":[{"embeddable":true,"href":"https:\/\/www.copperleaf.com\/it\/wp-json\/wp\/v2\/comments?post=39952"}],"version-history":[{"count":0,"href":"https:\/\/www.copperleaf.com\/it\/wp-json\/wp\/v2\/pages\/39952\/revisions"}],"wp:attachment":[{"href":"https:\/\/www.copperleaf.com\/it\/wp-json\/wp\/v2\/media?parent=39952"}],"wp:term":[{"taxonomy":"folder","embeddable":true,"href":"https:\/\/www.copperleaf.com\/it\/wp-json\/wp\/v2\/folder?post=39952"}],"curies":[{"name":"wp","href":"https:\/\/api.w.org\/{rel}","templated":true}]}}