{"id":17088,"date":"2022-04-25T09:38:20","date_gmt":"2022-04-25T16:38:20","guid":{"rendered":"https:\/\/www.copperleaf.com\/sala-de-prensa-de-copperleaf\/"},"modified":"2022-11-09T16:47:07","modified_gmt":"2022-11-10T00:47:07","slug":"sala-de-prensa-de-copperleaf","status":"publish","type":"page","link":"https:\/\/www.copperleaf.com\/es\/compania\/sala-de-prensa-de-copperleaf\/","title":{"rendered":"Sala de Prensa de Copperleaf"},"content":{"rendered":"<p style=\"text-align: left;\">Conozca todas las novedades de la compa\u00f1\u00eda y con\u00e9ctese con nuestro equipo de medios de comunicaci\u00f3n.<\/p>\n","protected":false},"excerpt":{"rendered":"<p>Conozca todas las novedades de la compa\u00f1\u00eda y con\u00e9ctese con nuestro equipo de medios de comunicaci\u00f3n.<\/p>\n","protected":false},"author":3,"featured_media":0,"parent":17107,"menu_order":4,"comment_status":"closed","ping_status":"closed","template":"templates\/template-news.php","meta":{"_acf_changed":false,"content-type":"","_searchwp_excluded":"","footnotes":""},"folder":[],"class_list":["post-17088","page","type-page","status-publish","hentry"],"acf":[],"yoast_head":"<!-- This site is optimized with the Yoast SEO Premium plugin v25.6 (Yoast SEO v26.7) - https:\/\/yoast.com\/wordpress\/plugins\/seo\/ -->\n<title>Sala de Prensa de Copperleaf - Copperleaf<\/title>\n<meta name=\"robots\" content=\"index, follow, max-snippet:-1, max-image-preview:large, max-video-preview:-1\" \/>\n<link rel=\"canonical\" href=\"https:\/\/www.copperleaf.com\/es\/compania\/sala-de-prensa-de-copperleaf\/\" \/>\n<meta property=\"og:locale\" content=\"es_ES\" \/>\n<meta property=\"og:type\" content=\"article\" \/>\n<meta property=\"og:title\" content=\"Sala de Prensa de Copperleaf\" \/>\n<meta property=\"og:description\" content=\"Conozca todas las novedades de la compa\u00f1\u00eda y con\u00e9ctese con nuestro equipo de medios de comunicaci\u00f3n.\" \/>\n<meta property=\"og:url\" content=\"https:\/\/www.copperleaf.com\/es\/compania\/sala-de-prensa-de-copperleaf\/\" \/>\n<meta property=\"og:site_name\" content=\"Copperleaf\" \/>\n<meta property=\"article:modified_time\" content=\"2022-11-10T00:47:07+00:00\" \/>\n<meta name=\"twitter:card\" content=\"summary_large_image\" \/>\n<meta name=\"twitter:label1\" content=\"Tiempo de lectura\" \/>\n\t<meta name=\"twitter:data1\" content=\"1 minuto\" \/>\n<script type=\"application\/ld+json\" class=\"yoast-schema-graph\">{\"@context\":\"https:\/\/schema.org\",\"@graph\":[{\"@type\":\"WebPage\",\"@id\":\"https:\/\/www.copperleaf.com\/es\/compania\/sala-de-prensa-de-copperleaf\/\",\"url\":\"https:\/\/www.copperleaf.com\/es\/compania\/sala-de-prensa-de-copperleaf\/\",\"name\":\"Sala de Prensa de Copperleaf - Copperleaf\",\"isPartOf\":{\"@id\":\"https:\/\/www.copperleaf.com\/es\/#website\"},\"datePublished\":\"2022-04-25T16:38:20+00:00\",\"dateModified\":\"2022-11-10T00:47:07+00:00\",\"breadcrumb\":{\"@id\":\"https:\/\/www.copperleaf.com\/es\/compania\/sala-de-prensa-de-copperleaf\/#breadcrumb\"},\"inLanguage\":\"es\",\"potentialAction\":[{\"@type\":\"ReadAction\",\"target\":[\"https:\/\/www.copperleaf.com\/es\/compania\/sala-de-prensa-de-copperleaf\/\"]}]},{\"@type\":\"BreadcrumbList\",\"@id\":\"https:\/\/www.copperleaf.com\/es\/compania\/sala-de-prensa-de-copperleaf\/#breadcrumb\",\"itemListElement\":[{\"@type\":\"ListItem\",\"position\":1,\"name\":\"Home\",\"item\":\"https:\/\/www.copperleaf.com\/es\/\"},{\"@type\":\"ListItem\",\"position\":2,\"name\":\"Compa\u00f1\u00eda\",\"item\":\"https:\/\/www.copperleaf.com\/es\/compania\/\"},{\"@type\":\"ListItem\",\"position\":3,\"name\":\"Sala de Prensa de Copperleaf\"}]},{\"@type\":\"WebSite\",\"@id\":\"https:\/\/www.copperleaf.com\/es\/#website\",\"url\":\"https:\/\/www.copperleaf.com\/es\/\",\"name\":\"Copperleaf\",\"description\":\"\",\"potentialAction\":[{\"@type\":\"SearchAction\",\"target\":{\"@type\":\"EntryPoint\",\"urlTemplate\":\"https:\/\/www.copperleaf.com\/es\/?s={search_term_string}\"},\"query-input\":{\"@type\":\"PropertyValueSpecification\",\"valueRequired\":true,\"valueName\":\"search_term_string\"}}],\"inLanguage\":\"es\"}]}<\/script>\n<!-- \/ Yoast SEO Premium plugin. -->","yoast_head_json":{"title":"Sala de Prensa de Copperleaf - Copperleaf","robots":{"index":"index","follow":"follow","max-snippet":"max-snippet:-1","max-image-preview":"max-image-preview:large","max-video-preview":"max-video-preview:-1"},"canonical":"https:\/\/www.copperleaf.com\/es\/compania\/sala-de-prensa-de-copperleaf\/","og_locale":"es_ES","og_type":"article","og_title":"Sala de Prensa de Copperleaf","og_description":"Conozca todas las novedades de la compa\u00f1\u00eda y con\u00e9ctese con nuestro equipo de medios de comunicaci\u00f3n.","og_url":"https:\/\/www.copperleaf.com\/es\/compania\/sala-de-prensa-de-copperleaf\/","og_site_name":"Copperleaf","article_modified_time":"2022-11-10T00:47:07+00:00","twitter_card":"summary_large_image","twitter_misc":{"Tiempo de lectura":"1 minuto"},"schema":{"@context":"https:\/\/schema.org","@graph":[{"@type":"WebPage","@id":"https:\/\/www.copperleaf.com\/es\/compania\/sala-de-prensa-de-copperleaf\/","url":"https:\/\/www.copperleaf.com\/es\/compania\/sala-de-prensa-de-copperleaf\/","name":"Sala de Prensa de Copperleaf - Copperleaf","isPartOf":{"@id":"https:\/\/www.copperleaf.com\/es\/#website"},"datePublished":"2022-04-25T16:38:20+00:00","dateModified":"2022-11-10T00:47:07+00:00","breadcrumb":{"@id":"https:\/\/www.copperleaf.com\/es\/compania\/sala-de-prensa-de-copperleaf\/#breadcrumb"},"inLanguage":"es","potentialAction":[{"@type":"ReadAction","target":["https:\/\/www.copperleaf.com\/es\/compania\/sala-de-prensa-de-copperleaf\/"]}]},{"@type":"BreadcrumbList","@id":"https:\/\/www.copperleaf.com\/es\/compania\/sala-de-prensa-de-copperleaf\/#breadcrumb","itemListElement":[{"@type":"ListItem","position":1,"name":"Home","item":"https:\/\/www.copperleaf.com\/es\/"},{"@type":"ListItem","position":2,"name":"Compa\u00f1\u00eda","item":"https:\/\/www.copperleaf.com\/es\/compania\/"},{"@type":"ListItem","position":3,"name":"Sala de Prensa de Copperleaf"}]},{"@type":"WebSite","@id":"https:\/\/www.copperleaf.com\/es\/#website","url":"https:\/\/www.copperleaf.com\/es\/","name":"Copperleaf","description":"","potentialAction":[{"@type":"SearchAction","target":{"@type":"EntryPoint","urlTemplate":"https:\/\/www.copperleaf.com\/es\/?s={search_term_string}"},"query-input":{"@type":"PropertyValueSpecification","valueRequired":true,"valueName":"search_term_string"}}],"inLanguage":"es"}]}},"_links":{"self":[{"href":"https:\/\/www.copperleaf.com\/es\/wp-json\/wp\/v2\/pages\/17088","targetHints":{"allow":["GET"]}}],"collection":[{"href":"https:\/\/www.copperleaf.com\/es\/wp-json\/wp\/v2\/pages"}],"about":[{"href":"https:\/\/www.copperleaf.com\/es\/wp-json\/wp\/v2\/types\/page"}],"author":[{"embeddable":true,"href":"https:\/\/www.copperleaf.com\/es\/wp-json\/wp\/v2\/users\/3"}],"replies":[{"embeddable":true,"href":"https:\/\/www.copperleaf.com\/es\/wp-json\/wp\/v2\/comments?post=17088"}],"version-history":[{"count":0,"href":"https:\/\/www.copperleaf.com\/es\/wp-json\/wp\/v2\/pages\/17088\/revisions"}],"up":[{"embeddable":true,"href":"https:\/\/www.copperleaf.com\/es\/wp-json\/wp\/v2\/pages\/17107"}],"wp:attachment":[{"href":"https:\/\/www.copperleaf.com\/es\/wp-json\/wp\/v2\/media?parent=17088"}],"wp:term":[{"taxonomy":"folder","embeddable":true,"href":"https:\/\/www.copperleaf.com\/es\/wp-json\/wp\/v2\/folder?post=17088"}],"curies":[{"name":"wp","href":"https:\/\/api.w.org\/{rel}","templated":true}]}}